{"id":15188,"date":"2019-03-27T10:36:19","date_gmt":"2019-03-27T10:36:19","guid":{"rendered":"https:\/\/weekendanapoli.com\/it\/?page_id=15188"},"modified":"2019-04-01T09:36:15","modified_gmt":"2019-04-01T09:36:15","slug":"vedi-napoli-e-poi-torni","status":"publish","type":"page","link":"https:\/\/weekendanapoli.com\/it\/vedi-napoli-e-poi-torni\/","title":{"rendered":"Vedi Napoli e poi..torni"},"content":{"rendered":"\t\t<div data-elementor-type=\"wp-post\" data-elementor-id=\"15188\" class=\"elementor elementor-15188\">\n\t\t\t\t\t\t<div class=\"elementor-inner\">\n\t\t\t\t<div class=\"elementor-section-wrap\">\n\t\t\t\t\t\t\t\t\t<section class=\"elementor-section elementor-top-section elementor-element elementor-element-70e9067d elementor-section-content-top elementor-section-boxed elementor-section-height-default elementor-section-height-default\" data-id=\"70e9067d\" data-element_type=\"section\" data-settings=\"{&quot;background_background&quot;:&quot;classic&quot;}\">\n\t\t\t\t\t\t\t<div class=\"elementor-background-overlay\"><\/div>\n\t\t\t\t\t\t\t<div class=\"elementor-container elementor-column-gap-no\">\n\t\t\t\t\t\t\t<div class=\"elementor-row\">\n\t\t\t\t\t<div class=\"elementor-column elementor-col-100 elementor-top-column elementor-element elementor-element-ab7eda7\" data-id=\"ab7eda7\" data-element_type=\"column\">\n\t\t\t<div class=\"elementor-column-wrap elementor-element-populated\">\n\t\t\t\t\t\t\t<div class=\"elementor-widget-wrap\">\n\t\t\t\t\t\t<div class=\"elementor-element elementor-element-2e658bd elementor-widget elementor-widget-image\" data-id=\"2e658bd\" data-element_type=\"widget\" data-widget_type=\"image.default\">\n\t\t\t\t<div class=\"elementor-widget-container\">\n\t\t\t\t\t\t\t\t<div class=\"elementor-image\">\n\t\t\t\t\t\t\t\t\t\t\t\t<img decoding=\"async\" width=\"816\" height=\"509\" src=\"https:\/\/weekendanapoli.com\/it\/wp-content\/uploads\/sites\/49\/2019\/03\/Vedi-Napoli...e-poi-torni-QR-1.jpg\" class=\"attachment-large size-large wp-image-15194\" alt=\"\" loading=\"lazy\" srcset=\"https:\/\/weekendanapoli.com\/it\/wp-content\/uploads\/sites\/49\/2019\/03\/Vedi-Napoli...e-poi-torni-QR-1.jpg 945w, https:\/\/weekendanapoli.com\/it\/wp-content\/uploads\/sites\/49\/2019\/03\/Vedi-Napoli...e-poi-torni-QR-1-300x187.jpg 300w, https:\/\/weekendanapoli.com\/it\/wp-content\/uploads\/sites\/49\/2019\/03\/Vedi-Napoli...e-poi-torni-QR-1-768x479.jpg 768w\" sizes=\"(max-width: 816px) 100vw, 816px\" \/>\t\t\t\t\t\t\t\t\t\t\t\t\t\t<\/div>\n\t\t\t\t\t\t<\/div>\n\t\t\t\t<\/div>\n\t\t\t\t<div class=\"elementor-element elementor-element-f13d9b5 elementor-invisible elementor-widget elementor-widget-heading\" data-id=\"f13d9b5\" data-element_type=\"widget\" data-settings=\"{&quot;_animation&quot;:&quot;fadeIn&quot;}\" data-widget_type=\"heading.default\">\n\t\t\t\t<div class=\"elementor-widget-container\">\n\t\t\t<h5 class=\"elementor-heading-title elementor-size-medium\">scopri napoli<\/h5>\t\t<\/div>\n\t\t\t\t<\/div>\n\t\t\t\t<div class=\"elementor-element elementor-element-480ef77e elementor-invisible elementor-widget elementor-widget-heading\" data-id=\"480ef77e\" data-element_type=\"widget\" data-settings=\"{&quot;_animation&quot;:&quot;fadeIn&quot;}\" data-widget_type=\"heading.default\">\n\t\t\t\t<div class=\"elementor-widget-container\">\n\t\t\t<h2 class=\"elementor-heading-title elementor-size-xxl\">Vedi Napoli e poi...torni \u00a9 <\/h2>\t\t<\/div>\n\t\t\t\t<\/div>\n\t\t\t\t<div class=\"elementor-element elementor-element-67356b9 elementor-shape-square elementor-grid-0 e-grid-align-center elementor-widget elementor-widget-social-icons\" data-id=\"67356b9\" data-element_type=\"widget\" data-widget_type=\"social-icons.default\">\n\t\t\t\t<div class=\"elementor-widget-container\">\n\t\t\t\t\t<div class=\"elementor-social-icons-wrapper elementor-grid\">\n\t\t\t\t\t\t\t<span class=\"elementor-grid-item\">\n\t\t\t\t\t<a class=\"elementor-icon elementor-social-icon elementor-social-icon-facebook elementor-animation-float elementor-repeater-item-fb21e6a\" target=\"_blank\">\n\t\t\t\t\t\t<span class=\"elementor-screen-only\">Facebook<\/span>\n\t\t\t\t\t\t\t\t\t\t\t\t\t<i class=\"fa fa-facebook\"><\/i>\n\t\t\t\t\t\t\t\t\t\t\t<\/a>\n\t\t\t\t<\/span>\n\t\t\t\t\t\t\t<span class=\"elementor-grid-item\">\n\t\t\t\t\t<a class=\"elementor-icon elementor-social-icon elementor-social-icon-twitter elementor-animation-float elementor-repeater-item-2587fab\" target=\"_blank\">\n\t\t\t\t\t\t<span class=\"elementor-screen-only\">Twitter<\/span>\n\t\t\t\t\t\t\t\t\t\t\t\t\t<i class=\"fa fa-twitter\"><\/i>\n\t\t\t\t\t\t\t\t\t\t\t<\/a>\n\t\t\t\t<\/span>\n\t\t\t\t\t\t\t<span class=\"elementor-grid-item\">\n\t\t\t\t\t<a class=\"elementor-icon elementor-social-icon elementor-social-icon-google-plus elementor-animation-float elementor-repeater-item-6c65ae8\" target=\"_blank\">\n\t\t\t\t\t\t<span class=\"elementor-screen-only\">Google-plus<\/span>\n\t\t\t\t\t\t\t\t\t\t\t\t\t<i class=\"fa fa-google-plus\"><\/i>\n\t\t\t\t\t\t\t\t\t\t\t<\/a>\n\t\t\t\t<\/span>\n\t\t\t\t\t\t\t<span class=\"elementor-grid-item\">\n\t\t\t\t\t<a class=\"elementor-icon elementor-social-icon elementor-social-icon-instagram elementor-animation-float elementor-repeater-item-24da18a\" target=\"_blank\">\n\t\t\t\t\t\t<span class=\"elementor-screen-only\">Instagram<\/span>\n\t\t\t\t\t\t\t\t\t\t\t\t\t<i class=\"fa fa-instagram\"><\/i>\n\t\t\t\t\t\t\t\t\t\t\t<\/a>\n\t\t\t\t<\/span>\n\t\t\t\t\t<\/div>\n\t\t\t\t<\/div>\n\t\t\t\t<\/div>\n\t\t\t\t<div class=\"elementor-element elementor-element-365bdca1 elementor-widget elementor-widget-spacer\" data-id=\"365bdca1\" data-element_type=\"widget\" data-widget_type=\"spacer.default\">\n\t\t\t\t<div class=\"elementor-widget-container\">\n\t\t\t\t\t<div class=\"elementor-spacer\">\n\t\t\t<div class=\"elementor-spacer-inner\"><\/div>\n\t\t<\/div>\n\t\t\t\t<\/div>\n\t\t\t\t<\/div>\n\t\t\t\t<div class=\"elementor-element elementor-element-3acde945 elementor-widget elementor-widget-text-editor\" data-id=\"3acde945\" data-element_type=\"widget\" data-widget_type=\"text-editor.default\">\n\t\t\t\t<div class=\"elementor-widget-container\">\n\t\t\t\t\t\t\t\t<div class=\"elementor-text-editor elementor-clearfix\">\n\t\t\t\t<p>Grazie per esserti lasciato incuriosire dal nostro messaggio!<br \/>Stai organizzando una vacanza a napoli? ecco noi siamo pronti per sviluppare il tuo programma facendoti ottimizzare tempi e costi.<\/p><ul><li>Se hai gi\u00e0 delle idee per il tuo soggiorno parliamone: il nostro programma si svilupper\u00e0 tenendo conto delle tue preferenze.<\/li><li>Se invece vuoi lasciare a noi la scelta: cercheremo di stupirti con effetti speciali.<\/li><\/ul><p>Siamo al QUINDICESIMO ANNO di lavoro nel settore dell ospitalit\u00e0: <a href=\"https:\/\/weekendanapoli.com\/\">www.weekendanapoli.com<\/a> i risultati raggiunti (siamo tra i primi hotel a napoli per \u201cclassifica \u201c su TripAdvisor) ci danno la convinzione di aver centrato in parte gli obiettivi degli ospiti offrendo, attraverso una serie di servizi originali, un&#8217; ospitalit\u00e0 inusuale.<\/p><p>Napoli gi\u00e0 capitale d&#8217;Italia ha ospitato Regine e Re conquistando i loro sentimenti con la disponibilit\u00e0 d&#8217;animo tipica di questo popolo, faremo di tutto per riuscirci con te!<\/p><p>Guardando la mappa del golfo di Napoli \u00e8 importante notare che la nostra Villa WAN \u00e8 ubicata sulla Vomero Hill, centro geometrico della citt\u00e0, quartiere meglio servito dal trasporto pubblico (costo giornaliero trasporto illimitato in citt\u00e0 euro 3.50 a persona). Sar\u00e0 possibile raggiungere, grazie a tre funicolari e la Linea 1 della metropolitana, qualunque destinazione di interesse turistico facilmente.<\/p><p>Conviene fare BASE A NAPOLI:<br \/>la posizione centrale da anche il vantaggio di poter raggiungere con i nostri \u201cdaily trip\u201d le pi\u00f9 famose localit\u00e0 turistiche, con tempi di percorrenza di circa 50 minuti, es: Capri, Ischia, Procida, Sorrento, Campi Flegrei e poter concludere la giornata in citt\u00e0 Ex Capitale: due palazzi reali, castelli, chiese barocche, piccoli ristoranti, trattorie, pizzerie, tutti scelti per farvi conoscere le caratteristiche di una storia non da poco!<\/p><p>Per chi sceglier\u00e0 un soggiorno lungo a Napoli vi aspettano al momento della prenotazioni una serie di sorprese.<\/p><p>VEDI NAPOLI E POI&#8230;TORNI \u00e8 anche altro.<br \/>Mettiamo a tua disposizione la nostra esperienza per offrirti, attraverso una nostra societ\u00e0 Peac Sercice srl, consulenze turistiche di vario genere:<br \/>Hai una propriet\u00e0 che vorresti dedicare ad attivit\u00e0 ricettiva;<\/p><ul><li>Credi che qualcuno del tuo team familiare possa occupasi di turismo;<\/li><li>Sei gi\u00e0 in questo settore e c\u2019\u00e8 qualche cosa del nostro lavoro che ti piace<\/li><li>vuoi sapere di pi\u00f9 del nostro progetto gi\u00e0 operativo ITALY 4 HOME<\/li><\/ul><div>A presto<\/div>\t\t\t\t\t<\/div>\n\t\t\t\t\t\t<\/div>\n\t\t\t\t<\/div>\n\t\t\t\t<div class=\"elementor-element elementor-element-529ac735 elementor-widget elementor-widget-spacer\" data-id=\"529ac735\" data-element_type=\"widget\" data-widget_type=\"spacer.default\">\n\t\t\t\t<div class=\"elementor-widget-container\">\n\t\t\t\t\t<div class=\"elementor-spacer\">\n\t\t\t<div class=\"elementor-spacer-inner\"><\/div>\n\t\t<\/div>\n\t\t\t\t<\/div>\n\t\t\t\t<\/div>\n\t\t\t\t<div class=\"elementor-element elementor-element-35a5f317 elementor-align-center elementor-invisible elementor-widget elementor-widget-button\" data-id=\"35a5f317\" data-element_type=\"widget\" data-settings=\"{&quot;_animation&quot;:&quot;fadeInUp&quot;,&quot;_animation_delay&quot;:800}\" data-widget_type=\"button.default\">\n\t\t\t\t<div class=\"elementor-widget-container\">\n\t\t\t\t\t<div class=\"elementor-button-wrapper\">\n\t\t\t<a href=\"https:\/\/weekendanapoli.com\/it\/vedi-napoli-e-poi-torni-contatti\/\" class=\"elementor-button-link elementor-button elementor-size-md elementor-animation-float\" role=\"button\">\n\t\t\t\t\t\t<span class=\"elementor-button-content-wrapper\">\n\t\t\t\t\t\t\t<span class=\"elementor-button-icon elementor-align-icon-right\">\n\t\t\t\t\t\t\t\t\t<i class=\"fa fa-long-arrow-right\" aria-hidden=\"true\"><\/i>\n\t\t\t\t\t\t\t<\/span>\n\t\t\t\t\t\t<span class=\"elementor-button-text\">Contatti<\/span>\n\t\t<\/span>\n\t\t\t\t\t<\/a>\n\t\t<\/div>\n\t\t\t\t<\/div>\n\t\t\t\t<\/div>\n\t\t\t\t\t\t<\/div>\n\t\t\t\t\t<\/div>\n\t\t<\/div>\n\t\t\t\t\t\t\t\t<\/div>\n\t\t\t\t\t<\/div>\n\t\t<\/section>\n\t\t\t\t\t\t\t\t\t<\/div>\n\t\t\t<\/div>\n\t\t\t\t\t<\/div>\n\t\t","protected":false},"excerpt":{"rendered":"<p>scopri napoli Vedi Napoli e poi&#8230;torni \u00a9 Facebook Twitter Google-plus Instagram Grazie per esserti lasciato incuriosire dal nostro messaggio!Stai organizzando una vacanza a napoli? ecco noi siamo pronti per sviluppare il tuo programma facendoti ottimizzare tempi e costi. Se hai gi\u00e0 delle idee per il tuo soggiorno parliamone: il nostro programma si svilupper\u00e0 tenendo conto [&hellip;]<\/p>\n","protected":false},"author":1,"featured_media":0,"parent":0,"menu_order":0,"comment_status":"closed","ping_status":"closed","template":"elementor_canvas","meta":[],"_links":{"self":[{"href":"https:\/\/weekendanapoli.com\/it\/wp-json\/wp\/v2\/pages\/15188"}],"collection":[{"href":"https:\/\/weekendanapoli.com\/it\/wp-json\/wp\/v2\/pages"}],"about":[{"href":"https:\/\/weekendanapoli.com\/it\/wp-json\/wp\/v2\/types\/page"}],"author":[{"embeddable":true,"href":"https:\/\/weekendanapoli.com\/it\/wp-json\/wp\/v2\/users\/1"}],"replies":[{"embeddable":true,"href":"https:\/\/weekendanapoli.com\/it\/wp-json\/wp\/v2\/comments?post=15188"}],"version-history":[{"count":0,"href":"https:\/\/weekendanapoli.com\/it\/wp-json\/wp\/v2\/pages\/15188\/revisions"}],"wp:attachment":[{"href":"https:\/\/weekendanapoli.com\/it\/wp-json\/wp\/v2\/media?parent=15188"}],"curies":[{"name":"wp","href":"https:\/\/api.w.org\/{rel}","templated":true}]}}